{"id":11167,"date":"2017-07-27T14:05:17","date_gmt":"2017-07-27T14:05:17","guid":{"rendered":"http:\/\/www.omebasnc.it\/?page_id=11167\/"},"modified":"2017-07-27T14:05:17","modified_gmt":"2017-07-27T14:05:17","slug":"50-jahre-o-ba","status":"publish","type":"page","link":"https:\/\/www.omebasnc.it\/de\/50-jahre-o-ba\/","title":{"rendered":"50 jahre O.Me.Ba."},"content":{"rendered":"<div class=\"fusion-fullwidth fullwidth-box fusion-builder-row-1 fusion-flex-container nonhundred-percent-fullwidth non-hundred-percent-height-scrolling\" style=\"--awb-border-radius-top-left:0px;--awb-border-radius-top-right:0px;--awb-border-radius-bottom-right:0px;--awb-border-radius-bottom-left:0px;--awb-flex-wrap:wrap;\" ><div class=\"fusion-builder-row fusion-row fusion-flex-align-items-flex-start fusion-flex-content-wrap\" style=\"max-width:calc( 1100px + 0px );margin-left: calc(-0px \/ 2 );margin-right: calc(-0px \/ 2 );\"><div class=\"fusion-layout-column fusion_builder_column fusion-builder-column-0 fusion_builder_column_1_1 1_1 fusion-flex-column\" style=\"--awb-bg-size:cover;--awb-width-large:100%;--awb-margin-top-large:0px;--awb-spacing-right-large:0px;--awb-margin-bottom-large:20px;--awb-spacing-left-large:0px;--awb-width-medium:100%;--awb-spacing-right-medium:0px;--awb-spacing-left-medium:0px;--awb-width-small:100%;--awb-spacing-right-small:0px;--awb-spacing-left-small:0px;\"><div class=\"fusion-column-wrapper fusion-flex-justify-content-flex-start fusion-content-layout-column\"><div class=\"fusion-text fusion-text-1\"><p>Die offizielle Herstellung des ersten Spans geht auf den 9.M\u00e4rz 1964 zur\u00fcck.<\/p>\n<p>Dieses Jahr begehen wir das 53-j\u00e4hrige Bestehen unseres Unternehmens.<br \/>\nZur Besiegelung dieses Jubil\u00e4ums liegt es nahe, all jene in Erinnerung zu rufen,die am Werdegang dieses Unternehmens beteiligt waren. 53 intensive Jahre technologischer Entwicklung, kulturellen Wandels, wechselreicher Konjukturentwicklungen, die mit der Geschichte vieler Menschen verkn\u00fcpft sind, die es m\u00f6glich machten, dieses wichtige Ziel zu erreichen.<\/p>\n<p>Und ihnen m\u00f6chten wir unseren herzlichen Dank aussprechen.<\/p>\n<p>53 Jahre unternehmerischen Zusammenhalts, \u00fcberzeugter und \u00fcberzeugender Entscheidungen, solider Berufung, konkreter Ziele, Genugtuung und vieles mehr. Jahre der kontinuierlichen Suche nach neuen L\u00f6sungen, die die Vielf\u00e4ltigkeit dieses Industriezweiges widerspiegelten. Wir sind seit jeher eng verbunden mit der Welt der Produktion und haben eine reiche Palette an L\u00f6sungen entwickelt, die heute das h\u00f6chste Gut unseres Unternehmens darstellen. F\u00fcr uns ist dieses Jubil\u00e4um wie eine Etappe unserer Reise. Unver\u00e4ndert sind unsere Zielstrebigkeit, unser Engagement und unser Scharfsinn. Auch haben wir noch viele Pl\u00e4ne, die wir umsetzen m\u00f6chten, wir wollen, dass die Tradition von Mensch und Maschine sich fortsetzt mit dem Wunsch, uns zunehmend zu verbessern.<\/p>\n<p style=\"text-align: left;\">Nonno Rino und Zio Mario seien innigst umarmt: &#8222;Danke, dass ihr das Alles geschaffen habt.&#8220;<\/p>\n<p style=\"text-align: left;\"><div class=\"fusion-image-element fusion-image-align-left in-legacy-container\" style=\"text-align:left;--awb-bottom-shadow-color:rgba(0,0,0,0.4);--awb-caption-title-font-family:var(--h2_typography-font-family);--awb-caption-title-font-weight:var(--h2_typography-font-weight);--awb-caption-title-font-style:var(--h2_typography-font-style);--awb-caption-title-size:var(--h2_typography-font-size);--awb-caption-title-transform:var(--h2_typography-text-transform);--awb-caption-title-line-height:var(--h2_typography-line-height);--awb-caption-title-letter-spacing:var(--h2_typography-letter-spacing);\"><div class=\"awb-image-frame awb-image-frame-1 awb-bottomshadow\"><span class=\" fusion-imageframe imageframe-bottomshadow imageframe-1 hover-type-none\"><img decoding=\"async\" width=\"329\" height=\"487\" title=\"omebasnc_storia_piero\" src=\"http:\/\/www.omebasnc.it\/wp-content\/uploads\/2016\/10\/omebasnc_storia_piero.jpg\" alt class=\"img-responsive wp-image-10906\" srcset=\"https:\/\/www.omebasnc.it\/wp-content\/uploads\/2016\/10\/omebasnc_storia_piero-200x296.jpg 200w, https:\/\/www.omebasnc.it\/wp-content\/uploads\/2016\/10\/omebasnc_storia_piero.jpg 329w\" sizes=\"(max-width: 640px) 100vw, 329px\" \/><\/span><svg xmlns=\"http:\/\/www.w3.org\/2000\/svg\" version=\"1.1\" width=\"100%\" viewBox=\"0 0 600 28\" preserveAspectRatio=\"none\"><g clip-path=\"url(#a)\"><mask id=\"b\" style=\"mask-type:luminance\" maskUnits=\"userSpaceOnUse\" x=\"0\" y=\"0\" width=\"600\" height=\"28\"><path d=\"M0 0h600v28H0V0Z\" fill=\"#fff\"\/><\/mask><g filter=\"url(#c)\" mask=\"url(#b)\"><path d=\"M16.439-18.667h567.123v30.8S438.961-8.4 300-8.4C161.04-8.4 16.438 12.133 16.438 12.133v-30.8Z\" fill=\"#000\"\/><\/g><\/g><defs><clipPath id=\"a\"><path fill=\"#fff\" d=\"M0 0h600v28H0z\"\/><\/clipPath><filter id=\"c\" x=\"5.438\" y=\"-29.667\" width=\"589.123\" height=\"52.8\" filterUnits=\"userSpaceOnUse\" color-interpolation-filters=\"sRGB\"><feFlood flood-opacity=\"0\" result=\"BackgroundImageFix\"\/><feBlend in=\"SourceGraphic\" in2=\"BackgroundImageFix\" result=\"shape\"\/><feGaussianBlur stdDeviation=\"5.5\" result=\"effect1_foregroundBlur_3983_183\"\/><\/filter><\/defs><\/svg><\/div><\/div><div class=\"fusion-image-element fusion-image-align-left in-legacy-container\" style=\"text-align:left;--awb-bottom-shadow-color:rgba(0,0,0,0.4);--awb-caption-title-font-family:var(--h2_typography-font-family);--awb-caption-title-font-weight:var(--h2_typography-font-weight);--awb-caption-title-font-style:var(--h2_typography-font-style);--awb-caption-title-size:var(--h2_typography-font-size);--awb-caption-title-transform:var(--h2_typography-text-transform);--awb-caption-title-line-height:var(--h2_typography-line-height);--awb-caption-title-letter-spacing:var(--h2_typography-letter-spacing);\"><div class=\"awb-image-frame awb-image-frame-2 awb-bottomshadow\"><span class=\" fusion-imageframe imageframe-bottomshadow imageframe-2 hover-type-none\"><img decoding=\"async\" width=\"329\" height=\"487\" title=\"omebasnc_storia_\" src=\"http:\/\/www.omebasnc.it\/wp-content\/uploads\/2016\/10\/omebasnc_storia_.jpg\" alt class=\"img-responsive wp-image-10891\" srcset=\"https:\/\/www.omebasnc.it\/wp-content\/uploads\/2016\/10\/omebasnc_storia_-200x296.jpg 200w, https:\/\/www.omebasnc.it\/wp-content\/uploads\/2016\/10\/omebasnc_storia_.jpg 329w\" sizes=\"(max-width: 640px) 100vw, 329px\" \/><\/span><svg xmlns=\"http:\/\/www.w3.org\/2000\/svg\" version=\"1.1\" width=\"100%\" viewBox=\"0 0 600 28\" preserveAspectRatio=\"none\"><g clip-path=\"url(#a)\"><mask id=\"b\" style=\"mask-type:luminance\" maskUnits=\"userSpaceOnUse\" x=\"0\" y=\"0\" width=\"600\" height=\"28\"><path d=\"M0 0h600v28H0V0Z\" fill=\"#fff\"\/><\/mask><g filter=\"url(#c)\" mask=\"url(#b)\"><path d=\"M16.439-18.667h567.123v30.8S438.961-8.4 300-8.4C161.04-8.4 16.438 12.133 16.438 12.133v-30.8Z\" fill=\"#000\"\/><\/g><\/g><defs><clipPath id=\"a\"><path fill=\"#fff\" d=\"M0 0h600v28H0z\"\/><\/clipPath><filter id=\"c\" x=\"5.438\" y=\"-29.667\" width=\"589.123\" height=\"52.8\" filterUnits=\"userSpaceOnUse\" color-interpolation-filters=\"sRGB\"><feFlood flood-opacity=\"0\" result=\"BackgroundImageFix\"\/><feBlend in=\"SourceGraphic\" in2=\"BackgroundImageFix\" result=\"shape\"\/><feGaussianBlur stdDeviation=\"5.5\" result=\"effect1_foregroundBlur_3983_183\"\/><\/filter><\/defs><\/svg><\/div><\/div><div class=\"fusion-image-element fusion-image-align-left in-legacy-container\" style=\"text-align:left;--awb-bottom-shadow-color:rgba(0,0,0,0.4);--awb-caption-title-font-family:var(--h2_typography-font-family);--awb-caption-title-font-weight:var(--h2_typography-font-weight);--awb-caption-title-font-style:var(--h2_typography-font-style);--awb-caption-title-size:var(--h2_typography-font-size);--awb-caption-title-transform:var(--h2_typography-text-transform);--awb-caption-title-line-height:var(--h2_typography-line-height);--awb-caption-title-letter-spacing:var(--h2_typography-letter-spacing);\"><div class=\"awb-image-frame awb-image-frame-3 awb-bottomshadow\"><span class=\" fusion-imageframe imageframe-bottomshadow imageframe-3 hover-type-none\"><img decoding=\"async\" width=\"329\" height=\"487\" title=\"omebasnc_storia_mario_\" src=\"http:\/\/www.omebasnc.it\/wp-content\/uploads\/2016\/10\/omebasnc_storia_mario_.jpg\" alt class=\"img-responsive wp-image-10890\" srcset=\"https:\/\/www.omebasnc.it\/wp-content\/uploads\/2016\/10\/omebasnc_storia_mario_-200x296.jpg 200w, https:\/\/www.omebasnc.it\/wp-content\/uploads\/2016\/10\/omebasnc_storia_mario_.jpg 329w\" sizes=\"(max-width: 640px) 100vw, 329px\" \/><\/span><svg xmlns=\"http:\/\/www.w3.org\/2000\/svg\" version=\"1.1\" width=\"100%\" viewBox=\"0 0 600 28\" preserveAspectRatio=\"none\"><g clip-path=\"url(#a)\"><mask id=\"b\" style=\"mask-type:luminance\" maskUnits=\"userSpaceOnUse\" x=\"0\" y=\"0\" width=\"600\" height=\"28\"><path d=\"M0 0h600v28H0V0Z\" fill=\"#fff\"\/><\/mask><g filter=\"url(#c)\" mask=\"url(#b)\"><path d=\"M16.439-18.667h567.123v30.8S438.961-8.4 300-8.4C161.04-8.4 16.438 12.133 16.438 12.133v-30.8Z\" fill=\"#000\"\/><\/g><\/g><defs><clipPath id=\"a\"><path fill=\"#fff\" d=\"M0 0h600v28H0z\"\/><\/clipPath><filter id=\"c\" x=\"5.438\" y=\"-29.667\" width=\"589.123\" height=\"52.8\" filterUnits=\"userSpaceOnUse\" color-interpolation-filters=\"sRGB\"><feFlood flood-opacity=\"0\" result=\"BackgroundImageFix\"\/><feBlend in=\"SourceGraphic\" in2=\"BackgroundImageFix\" result=\"shape\"\/><feGaussianBlur stdDeviation=\"5.5\" result=\"effect1_foregroundBlur_3983_183\"\/><\/filter><\/defs><\/svg><\/div><\/div><\/p>\n<\/div><\/div><\/div><\/div><\/div>\n","protected":false},"excerpt":{"rendered":"","protected":false},"author":6,"featured_media":0,"parent":0,"menu_order":0,"comment_status":"closed","ping_status":"closed","template":"","meta":{"_exactmetrics_skip_tracking":false,"_exactmetrics_sitenote_active":false,"_exactmetrics_sitenote_note":"","_exactmetrics_sitenote_category":0,"footnotes":""},"yst_prominent_words":[],"class_list":["post-11167","page","type-page","status-publish","hentry"],"post_mailing_queue_ids":[],"_links":{"self":[{"href":"https:\/\/www.omebasnc.it\/de\/wp-json\/wp\/v2\/pages\/11167","targetHints":{"allow":["GET"]}}],"collection":[{"href":"https:\/\/www.omebasnc.it\/de\/wp-json\/wp\/v2\/pages"}],"about":[{"href":"https:\/\/www.omebasnc.it\/de\/wp-json\/wp\/v2\/types\/page"}],"author":[{"embeddable":true,"href":"https:\/\/www.omebasnc.it\/de\/wp-json\/wp\/v2\/users\/6"}],"replies":[{"embeddable":true,"href":"https:\/\/www.omebasnc.it\/de\/wp-json\/wp\/v2\/comments?post=11167"}],"version-history":[{"count":2,"href":"https:\/\/www.omebasnc.it\/de\/wp-json\/wp\/v2\/pages\/11167\/revisions"}],"predecessor-version":[{"id":11169,"href":"https:\/\/www.omebasnc.it\/de\/wp-json\/wp\/v2\/pages\/11167\/revisions\/11169"}],"wp:attachment":[{"href":"https:\/\/www.omebasnc.it\/de\/wp-json\/wp\/v2\/media?parent=11167"}],"wp:term":[{"taxonomy":"yst_prominent_words","embeddable":true,"href":"https:\/\/www.omebasnc.it\/de\/wp-json\/wp\/v2\/yst_prominent_words?post=11167"}],"curies":[{"name":"wp","href":"https:\/\/api.w.org\/{rel}","templated":true}]}}